{"id":850,"date":"2025-12-19T13:24:34","date_gmt":"2025-12-19T11:24:34","guid":{"rendered":"https:\/\/hesitantbodies.com\/?page_id=850"},"modified":"2026-01-25T13:36:14","modified_gmt":"2026-01-25T11:36:14","slug":"rekomendaciju-zinojums","status":"publish","type":"page","link":"https:\/\/hesitantbodies.com\/en\/rekomendaciju-zinojums\/","title":{"rendered":"Recommendation Report"},"content":{"rendered":"<pre class=\"wp-block-preformatted\"><strong>Zi\u0146ojums par vilcin\u0101\u0161an\u0101s vakcin\u0113ties \u0137ermenisko pieredzi COVID-19 pand\u0113mijas kontekst\u0101. Secin\u0101jumi un ieteikumi<\/strong><\/pre>\n\n\n\n<div data-wp-interactive=\"core\/file\" class=\"wp-block-file\"><object data-wp-bind--hidden=\"!state.hasPdfPreview\" hidden class=\"wp-block-file__embed\" data=\"https:\/\/hesitantbodies.com\/wp-content\/uploads\/2026\/01\/HB_zinojums_2025.pdf\" type=\"application\/pdf\" style=\"width:100%;height:600px\" aria-label=\"Embed of Zi\u0146ojuma PDF fails.\"><\/object><a id=\"wp-block-file--media-c8e599d1-93a4-4111-bf2d-271aaaf4a4bd\" href=\"https:\/\/hesitantbodies.com\/wp-content\/uploads\/2026\/01\/HB_zinojums_2025.pdf\">Zi\u0146ojuma PDF fails<\/a><a href=\"https:\/\/hesitantbodies.com\/wp-content\/uploads\/2026\/01\/HB_zinojums_2025.pdf\" class=\"wp-block-file__button wp-element-button\" download aria-describedby=\"wp-block-file--media-c8e599d1-93a4-4111-bf2d-271aaaf4a4bd\">Download<\/a><\/div>\n\n\n\n<p><\/p>","protected":false},"excerpt":{"rendered":"<p>Zi\u0146ojums par vilcin\u0101\u0161an\u0101s vakcin\u0113ties \u0137ermenisko pieredzi COVID-19 pand\u0113mijas kontekst\u0101. Secin\u0101jumi un ieteikumi<\/p>","protected":false},"author":1,"featured_media":0,"parent":0,"menu_order":0,"comment_status":"closed","ping_status":"closed","template":"","meta":{"footnotes":""},"class_list":["post-850","page","type-page","status-publish","hentry"],"featured_media_urls":[],"_links":{"self":[{"href":"https:\/\/hesitantbodies.com\/en\/wp-json\/wp\/v2\/pages\/850","targetHints":{"allow":["GET"]}}],"collection":[{"href":"https:\/\/hesitantbodies.com\/en\/wp-json\/wp\/v2\/pages"}],"about":[{"href":"https:\/\/hesitantbodies.com\/en\/wp-json\/wp\/v2\/types\/page"}],"author":[{"embeddable":true,"href":"https:\/\/hesitantbodies.com\/en\/wp-json\/wp\/v2\/users\/1"}],"replies":[{"embeddable":true,"href":"https:\/\/hesitantbodies.com\/en\/wp-json\/wp\/v2\/comments?post=850"}],"version-history":[{"count":2,"href":"https:\/\/hesitantbodies.com\/en\/wp-json\/wp\/v2\/pages\/850\/revisions"}],"predecessor-version":[{"id":859,"href":"https:\/\/hesitantbodies.com\/en\/wp-json\/wp\/v2\/pages\/850\/revisions\/859"}],"wp:attachment":[{"href":"https:\/\/hesitantbodies.com\/en\/wp-json\/wp\/v2\/media?parent=850"}],"curies":[{"name":"wp","href":"https:\/\/api.w.org\/{rel}","templated":true}]}}